

{"id":865,"date":"2025-05-07T09:45:28","date_gmt":"2025-05-07T09:45:28","guid":{"rendered":"https:\/\/teuschler.rkp-marketing.at\/?page_id=865"},"modified":"2025-05-07T09:47:47","modified_gmt":"2025-05-07T09:47:47","slug":"impressum","status":"publish","type":"page","link":"https:\/\/teuschler.rkp-marketing.at\/it\/impressum\/","title":{"rendered":"Impronta"},"content":{"rendered":"<p><strong><br>Teuschler Gesellschaft m.b.H.<\/strong><br>Legname all'ingrosso-import-export<\/p>\n\n\n\n<p>Bahnhofallee 165<br>A-8271 Bad Waltersdorf<\/p>\n\n\n\n<p>T: +43 (0) 3333 \/ 2237<br>F: +43 (0) 3333 \/ 2237-4<\/p>\n\n\n\n<p>E:\u00a0<a href=\"mailto:office@teuschler-holz.at\">office@teuschler-holz.at<\/a><br><br>Codice fiscale: ATU 2924960<br>Numero di registro dell'azienda: 36026f<br>Tribunale del registro delle imprese: Tribunale regionale per le questioni civili Graz<\/p>\n\n\n\n<p>Autorit\u00e0 secondo la legge sul commercio elettronico (ECG): Autorit\u00e0 distrettuale di Hartberg-F\u00fcrstenfeld<br>Divisione: Commercio con il legno<\/p>\n\n\n\n<p>Amministratore delegato:<br>KommR Franz Peter Teuschler<\/p>\n\n\n\n<p><strong>Ideazione, progettazione e realizzazione<\/strong><\/p>\n\n\n\n<p><a href=\"http:\/\/www.rkp.at\/rkp-marketing\">RKP Marketing GmbH<br><\/a>Schildbach 210<br>A-8230 Hartberg<br><\/p>\n\n\n\n<p><strong>Crediti e copyright delle immagini<\/strong><\/p>\n\n\n\n<p><a href=\"http:\/\/www.rkp.at\/rkp-marketing\">RKP Marketing GmbH<\/a><\/p>\n\n\n\n<p><a href=\"http:\/\/shutterstock.com\/\">Shutterstock.com<\/a><\/p>\n\n\n\n<p><a href=\"http:\/\/shutterstock.com\/\">Storyblocks.com<br><\/a><\/p>\n\n\n\n<p><strong>Esclusione di responsabilit\u00e0<\/strong><strong><br><\/strong><\/p>\n\n\n\n<p><strong>1. contenuto dell'offerta online<\/strong><br><br>L'autore non si assume alcuna responsabilit\u00e0 per l'attualit\u00e0, la correttezza, la completezza o la qualit\u00e0 delle informazioni fornite. Le richieste di responsabilit\u00e0 nei confronti dell'autore relative a danni materiali o immateriali causati dall'uso o dal mancato uso delle informazioni fornite o dall'uso di informazioni errate o incomplete sono fondamentalmente escluse, a meno che non vi siano prove di dolo o grave negligenza da parte dell'autore.<br>Tutte le offerte sono soggette a modifiche e non vincolanti. L'autore si riserva espressamente il diritto di modificare, integrare o cancellare parti delle pagine o l'intera offerta senza preavviso o di interrompere temporaneamente o definitivamente la pubblicazione.<\/p>\n\n\n\n<p><strong>2. riferimenti e link<\/strong><\/p>\n\n\n\n<p>L'autore non \u00e8 responsabile di alcun contenuto collegato o a cui si fa riferimento dalle sue pagine, a meno che non sia a conoscenza di contenuti illegali e sia in grado di impedire ai visitatori del suo sito di visualizzare tali pagine.<br>L'autore dichiara pertanto espressamente che le pagine collegate erano prive di contenuti illegali al momento della creazione dei link. L'autore non ha alcuna influenza sulla struttura e sui contenuti attuali e futuri delle pagine collegate. L'autore prende quindi espressamente le distanze da tutti i contenuti di tutte le pagine collegate che sono stati modificati dopo la creazione del link. Questa dichiarazione vale per tutti i link e i riferimenti inseriti nel sito web dell'autore e per le voci di terzi nei libri degli ospiti, nei forum di discussione e nelle mailing list create dall'autore. La responsabilit\u00e0 per contenuti illegali, errati o incompleti e, in particolare, per i danni derivanti dall'uso o dal mancato uso di tali informazioni ricade esclusivamente sull'offerente della pagina a cui si fa riferimento, non su chi si limita a rimandare alla rispettiva pubblicazione tramite link.<\/p>\n\n\n\n<p><strong>3. diritto d'autore e di etichettatura<\/strong><\/p>\n\n\n\n<p>L'autore si impegna a rispettare i diritti d'autore dei grafici, dei documenti sonori, delle sequenze video e dei testi utilizzati in tutte le pubblicazioni, a utilizzare grafici, documenti sonori, sequenze video e testi creati da lui stesso o a fare uso di grafici, documenti sonori, sequenze video e testi privi di licenza.<br>Tutti i nomi e i marchi di fabbrica citati sul sito web ed eventualmente protetti da terzi sono soggetti senza limitazioni alle disposizioni della legge sui marchi di fabbrica applicabile e ai diritti di propriet\u00e0 dei rispettivi proprietari registrati. La semplice menzione di un marchio non implica che esso non sia protetto da diritti di terzi!<br>Il copyright per gli oggetti pubblicati creati dall'autore stesso rimane esclusivamente dell'autore delle pagine. La duplicazione o l'utilizzo di oggetti come diagrammi, suoni o testi in altre pubblicazioni elettroniche o stampate non \u00e8 consentita senza il consenso dell'autore.<\/p>\n\n\n\n<p><strong>4 Validit\u00e0 legale del presente disclaimer<\/strong><\/p>\n\n\n\n<p>La presente dichiarazione di non responsabilit\u00e0 deve essere considerata parte integrante della pubblicazione internet da cui siete stati indirizzati. Se sezioni o singoli termini di questa dichiarazione non sono legali o corretti, il contenuto o la validit\u00e0 delle altre parti non sono influenzati da questo fatto.<\/p>","protected":false},"excerpt":{"rendered":"<p>Teuschler Gesellschaft m.b.H.Holzgro\u00dfhandel-Import-Export Bahnhofallee 165A-8271 Bad Waltersdorf T: +43 (0) 3333 \/ 2237F: +43 (0) 3333 \/ 2237-4 E:\u00a0office@teuschler-holz.atUmsatzsteuer-ID: ATU 2924960Firmenbuchnummer: 36026fFirmenbuchgericht: Landesgericht f\u00fcr Zivilrechtssachen Graz Beh\u00f6rde gem. ECG (E-Commerce Gesetz): Bezirkshauptmannschaft Hartberg-F\u00fcrstenfeldSparte: Handel mit Holz Gesch\u00e4ftsf\u00fchrer:KommR Franz Peter Teuschler Konzeption, Design &amp; Umsetzung RKP Marketing GmbHSchildbach 210A-8230 Hartberg Bildnachweise &amp; Urheberrecht RKP Marketing GmbH &hellip;<\/p>","protected":false},"author":1,"featured_media":0,"parent":0,"menu_order":0,"comment_status":"closed","ping_status":"closed","template":"","meta":{"_acf_changed":false,"footnotes":""},"class_list":["post-865","page","type-page","status-publish","hentry"],"acf":[],"_links":{"self":[{"href":"https:\/\/teuschler.rkp-marketing.at\/it\/wp-json\/wp\/v2\/pages\/865","targetHints":{"allow":["GET"]}}],"collection":[{"href":"https:\/\/teuschler.rkp-marketing.at\/it\/wp-json\/wp\/v2\/pages"}],"about":[{"href":"https:\/\/teuschler.rkp-marketing.at\/it\/wp-json\/wp\/v2\/types\/page"}],"author":[{"embeddable":true,"href":"https:\/\/teuschler.rkp-marketing.at\/it\/wp-json\/wp\/v2\/users\/1"}],"replies":[{"embeddable":true,"href":"https:\/\/teuschler.rkp-marketing.at\/it\/wp-json\/wp\/v2\/comments?post=865"}],"version-history":[{"count":2,"href":"https:\/\/teuschler.rkp-marketing.at\/it\/wp-json\/wp\/v2\/pages\/865\/revisions"}],"predecessor-version":[{"id":867,"href":"https:\/\/teuschler.rkp-marketing.at\/it\/wp-json\/wp\/v2\/pages\/865\/revisions\/867"}],"wp:attachment":[{"href":"https:\/\/teuschler.rkp-marketing.at\/it\/wp-json\/wp\/v2\/media?parent=865"}],"curies":[{"name":"wp","href":"https:\/\/api.w.org\/{rel}","templated":true}]}}